{"id":32,"date":"2026-01-04T15:25:20","date_gmt":"2026-01-04T15:25:20","guid":{"rendered":"https:\/\/lesreinesdeguerguevel.fr\/?page_id=32"},"modified":"2026-01-07T20:54:51","modified_gmt":"2026-01-07T20:54:51","slug":"1e-page","status":"publish","type":"page","link":"https:\/\/lesreinesdeguerguevel.fr\/","title":{"rendered":"Bonne ann\u00e9e 2026 !"},"content":{"rendered":"\n<p>Les Reines de Guerguevel et moi-m\u00eame vous souhaitons plein de bonnes choses pour cette nouvelle ann\u00e9e&nbsp;!<\/p>\n\n\n\n<p>Comptez sur nous pour \u00eatre votre fournisseur officiel de douceurs \u00e0 \u00e9taler sur vos tartines du matin et si vous avez besoin de piquant, c&rsquo;est possible aussi, je vous en parle plus loin.<\/p>\n\n\n\n<p>Pour moi l&rsquo;ann\u00e9e 2025 a \u00e9t\u00e9 intense avec le lancement de mon activit\u00e9 en avril, la cr\u00e9ation des ruchers, le d\u00e9veloppement de la gamme des produits et, pour finir en fanfare, les march\u00e9s de No\u00ebl. Une ann\u00e9e riche en \u00e9motions ! Mais c&rsquo;\u00e9tait juste un \u00e9chauffement\u2026<\/p>\n\n\n\n<p>Mon programme pour 2026&nbsp;:<br>multiplication des essaims, lancement de mon \u00e9levage de reines, d\u00e9veloppement du r\u00e9seau de ventes, de nouveaux produits aussi (n\u2019h\u00e9sitez pas \u00e0 me faire part de vos envies), cr\u00e9ation du site internet et organisation d&rsquo;une journ\u00e9e pour mes ambassadrices et ambassadeurs pr\u00e9f\u00e9r\u00e9s et encore plein d\u2019autres surprises.<\/p>\n\n\n\n<p>\u00c7a fait beaucoup, mais il restera toujours un peu de temps pour vous si vous voulez passer faire connaissance avec mes petites prot\u00e9g\u00e9es en chair et en dard (c&rsquo;est \u00e7a le piquant), ou simplement pour m&rsquo;\u00e9couter parler pendant des heures de ma nouvelle passion autour d&rsquo;un verre de chouchen.<\/p>\n\n\n\n<p>En attendant, portez-vous bien et prenez soin de vous, et si vous arrivez au bout de votre dernier pot, contactez moi, il reste encore du miel, du chouchen et des bonbons; pour les amateurs de nougat, on est en rupture, d\u00e9sol\u00e9, il faudra patienter jusqu\u2019au mois de juin.<\/p>\n\n\n\n<div class=\"wp-block-group is-vertical is-layout-flex wp-container-core-group-is-layout-fe9cc265 wp-block-group-is-layout-flex\">\n<figure class=\"wp-block-gallery has-nested-images columns-default is-cropped wp-block-gallery-1 is-layout-flex wp-block-gallery-is-layout-flex\">\n<figure class=\"wp-block-image size-large\"><img loading=\"lazy\" decoding=\"async\" width=\"768\" height=\"1024\" data-id=\"33\" src=\"https:\/\/lesreinesdeguerguevel.fr\/wp-content\/uploads\/2026\/01\/IMG-20250510-WA0003-2-768x1024.jpg\" alt=\"\" class=\"wp-image-33\" srcset=\"https:\/\/lesreinesdeguerguevel.fr\/wp-content\/uploads\/2026\/01\/IMG-20250510-WA0003-2-768x1024.jpg 768w, https:\/\/lesreinesdeguerguevel.fr\/wp-content\/uploads\/2026\/01\/IMG-20250510-WA0003-2-225x300.jpg 225w, https:\/\/lesreinesdeguerguevel.fr\/wp-content\/uploads\/2026\/01\/IMG-20250510-WA0003-2-1152x1536.jpg 1152w, https:\/\/lesreinesdeguerguevel.fr\/wp-content\/uploads\/2026\/01\/IMG-20250510-WA0003-2.jpg 1200w\" sizes=\"auto, (max-width: 768px) 100vw, 768px\" \/><\/figure>\n\n\n\n<figure class=\"wp-block-image size-large\"><img loading=\"lazy\" decoding=\"async\" width=\"768\" height=\"1024\" data-id=\"34\" src=\"https:\/\/lesreinesdeguerguevel.fr\/wp-content\/uploads\/2026\/01\/20250805_122634-768x1024.jpg\" alt=\"\" class=\"wp-image-34\" srcset=\"https:\/\/lesreinesdeguerguevel.fr\/wp-content\/uploads\/2026\/01\/20250805_122634-768x1024.jpg 768w, https:\/\/lesreinesdeguerguevel.fr\/wp-content\/uploads\/2026\/01\/20250805_122634-225x300.jpg 225w, https:\/\/lesreinesdeguerguevel.fr\/wp-content\/uploads\/2026\/01\/20250805_122634-1152x1536.jpg 1152w, https:\/\/lesreinesdeguerguevel.fr\/wp-content\/uploads\/2026\/01\/20250805_122634-1536x2048.jpg 1536w, https:\/\/lesreinesdeguerguevel.fr\/wp-content\/uploads\/2026\/01\/20250805_122634-scaled.jpg 1920w\" sizes=\"auto, (max-width: 768px) 100vw, 768px\" \/><\/figure>\n<\/figure>\n<\/div>\n\n\n\n<p><\/p>\n\n\n\n<p class=\"has-medium-font-size\">Jean-S\u00e9bastien Ohlott<\/p>\n\n\n\n<p class=\"has-medium-font-size\">Apiculteur-r\u00e9coltant<\/p>\n\n\n\n<p class=\"has-medium-font-size\">22 hameau de Guerguevel &#8211; 22970 Coadout<\/p>\n\n\n\n<p class=\"has-medium-font-size\">06 24 41 55 14<\/p>\n","protected":false},"excerpt":{"rendered":"<p>Les Reines de Guerguevel et moi-m\u00eame vous souhaitons plein de bonnes choses pour cette nouvelle ann\u00e9e&nbsp;! Comptez sur nous pour \u00eatre votre fournisseur officiel de douceurs \u00e0 \u00e9taler sur vos tartines du matin et si vous avez besoin de piquant, c&rsquo;est possible aussi, je vous en parle plus loin. Pour moi l&rsquo;ann\u00e9e 2025 a \u00e9t\u00e9 [&hellip;]<\/p>\n","protected":false},"author":1,"featured_media":104,"parent":0,"menu_order":0,"comment_status":"closed","ping_status":"closed","template":"","meta":{"footnotes":""},"class_list":["post-32","page","type-page","status-publish","has-post-thumbnail","hentry"],"_links":{"self":[{"href":"https:\/\/lesreinesdeguerguevel.fr\/index.php\/wp-json\/wp\/v2\/pages\/32","targetHints":{"allow":["GET"]}}],"collection":[{"href":"https:\/\/lesreinesdeguerguevel.fr\/index.php\/wp-json\/wp\/v2\/pages"}],"about":[{"href":"https:\/\/lesreinesdeguerguevel.fr\/index.php\/wp-json\/wp\/v2\/types\/page"}],"author":[{"embeddable":true,"href":"https:\/\/lesreinesdeguerguevel.fr\/index.php\/wp-json\/wp\/v2\/users\/1"}],"replies":[{"embeddable":true,"href":"https:\/\/lesreinesdeguerguevel.fr\/index.php\/wp-json\/wp\/v2\/comments?post=32"}],"version-history":[{"count":9,"href":"https:\/\/lesreinesdeguerguevel.fr\/index.php\/wp-json\/wp\/v2\/pages\/32\/revisions"}],"predecessor-version":[{"id":93,"href":"https:\/\/lesreinesdeguerguevel.fr\/index.php\/wp-json\/wp\/v2\/pages\/32\/revisions\/93"}],"wp:featuredmedia":[{"embeddable":true,"href":"https:\/\/lesreinesdeguerguevel.fr\/index.php\/wp-json\/wp\/v2\/media\/104"}],"wp:attachment":[{"href":"https:\/\/lesreinesdeguerguevel.fr\/index.php\/wp-json\/wp\/v2\/media?parent=32"}],"curies":[{"name":"wp","href":"https:\/\/api.w.org\/{rel}","templated":true}]}}